{"id":930,"date":"2016-09-27T15:10:18","date_gmt":"2016-09-27T15:10:18","guid":{"rendered":"http:\/\/lespepinieresdelaroseliere.fr\/our-ecosystem\/"},"modified":"2022-01-28T09:55:17","modified_gmt":"2022-01-28T09:55:17","slug":"our-ecosystem","status":"publish","type":"page","link":"http:\/\/lespepinieresdelaroseliere.fr\/en\/our-ecosystem\/","title":{"rendered":"ECOSYSTEM"},"content":{"rendered":"<p>[vc_row][vc_column][vc_column_text]<\/p>\n<h2>OUR ECOSYSTEM<\/h2>\n<p><strong>Les\u00a0P\u00e9pini\u00e8res de la Roseli\u00e8re are part of a true ecosystem. Roseli\u00e8re means \u00ab\u00a0Reed bed\u00a0\u00bb referring to the local marshland, a haven for flora and fauna such as the wild ducks of our logo and the mascots of our company. To conserve this unique place, we are also finding uses for our land that are in harmony with nature and the local landscape.<\/strong>[\/vc_column_text][\/vc_column][\/vc_row][vc_row el_class=&#8221;flex&#8221;][vc_column width=&#8221;2\/3&#8243; el_class=&#8221;fade-box&#8221;][vc_column_text el_class=&#8221;header&#8221; css=&#8221;.vc_custom_1476963110400{background-image: url(http:\/\/lespepinieresdelaroseliere.fr\/wp-content\/uploads\/2016\/10\/Carpinus-betulus-fastigiata-e1476116059202.jpg?id=133) !important;}&#8221;]<\/p>\n<h2>Landscape preserved &amp; responsibly managed<\/h2>\n<p>[\/vc_column_text][vc_column_text]This ecosystem is the product of a preserved environment and responsible practices.\u00a0Bordering a Natura 2000 area, our land is cultivated with the greatest respect for regulations, with limited use of pesticides. The bands between trees voluntarily left grass and weeding around the trees is manual or mechanical. Hedges, wooded landscape features of the country of Bray, are promoted and maintained. This ecosystem is also a coherent set of agricultural activities.[\/vc_column_text][\/vc_column][vc_column width=&#8221;1\/3&#8243; el_class=&#8221;fade-box&#8221;][vc_column_text el_class=&#8221;header&#8221; css=&#8221;.vc_custom_1476952257049{background-image: url(http:\/\/lespepinieresdelaroseliere.fr\/wp-content\/uploads\/2016\/09\/bg2.jpg?id=50) !important;}&#8221;]<\/p>\n<h2>Orchards &amp;\u00a0Apple Juice<\/h2>\n<p>[\/vc_column_text][vc_column_text]With Normandy, La\u00a0Roseli\u00e8re is forced to have their orchards. Planted with different varieties of old apples without any chemicals and harvested by hand, they provide a fruity and tangy apple juice.[\/vc_column_text][\/vc_column][\/vc_row][vc_row el_class=&#8221;flex&#8221;][vc_column width=&#8221;1\/3&#8243; el_class=&#8221;fade-box&#8221;][vc_column_text el_class=&#8221;header&#8221; css=&#8221;.vc_custom_1476952228820{background-image: url(http:\/\/lespepinieresdelaroseliere.fr\/wp-content\/uploads\/2016\/09\/image2.jpg?id=99) !important;}&#8221;]<\/p>\n<h2>Apiculture &amp;\u00a0Honey<\/h2>\n<p>[\/vc_column_text][vc_column_text]To encourage pollination, and as a witness of the ecological quality of our site, we breed local breed of bees. Our apiary produces an annual flower honey appreciated by the family and our visitors.[\/vc_column_text][\/vc_column][vc_column width=&#8221;1\/3&#8243; el_class=&#8221;fade-box&#8221;][vc_column_text el_class=&#8221;header&#8221; css=&#8221;.vc_custom_1476952216022{background-image: url(http:\/\/lespepinieresdelaroseliere.fr\/wp-content\/uploads\/2016\/09\/image3.jpg?id=100) !important;}&#8221;]<\/p>\n<h2>Farm &amp; Eco-pasture<\/h2>\n<p>[\/vc_column_text][vc_column_text]All plots of La Roseli\u00e8re\u00a0are not planted. Some, along the river are too wet. Others are temporarily unoccupied, by the play of rotations. To preserve open landscapes, we initiated the breeding of cows Highland, who found there climatic conditions close to their grazing Scottish origin![\/vc_column_text][\/vc_column][vc_column width=&#8221;1\/3&#8243; el_class=&#8221;fade-box&#8221;][vc_column_text el_class=&#8221;header&#8221; css=&#8221;.vc_custom_1643363712021{background-image: url(http:\/\/lespepinieresdelaroseliere.fr\/wp-content\/uploads\/2022\/01\/IMG_1935-2-1.jpg?id=985) !important;}&#8221;]<\/p>\n<h2>Tiny House<\/h2>\n<p>[\/vc_column_text][vc_column_text]We share the love for our local area by opening our doors to visitors and tourists. Enjoy staying in our Tiny House where you can live, for a week or a weekend, at the slow pace of authentic Normandy life. With the perfect location in the surrounding wooded countryside, you will enjoy the true nature!\u00a0<a class=\"link-full\" href=\"https:\/\/www.airbnb.fr\/rooms\/43918209\" target=\"_blank\" rel=\"noopener noreferrer\">link<\/a>[\/vc_column_text][\/vc_column][\/vc_row]<\/p>\n","protected":false},"excerpt":{"rendered":"<p>[vc_row][vc_column][vc_column_text] OUR ECOSYSTEM Les\u00a0P\u00e9pini\u00e8res de la Roseli\u00e8re are part of a true ecosystem. Roseli\u00e8re means \u00ab\u00a0Reed bed\u00a0\u00bb referring to the local marshland, a haven for flora and fauna such as the wild ducks of our logo and the mascots of our company. To conserve this unique place, we are also finding uses for our land &hellip; <a href=\"http:\/\/lespepinieresdelaroseliere.fr\/en\/our-ecosystem\/\">Continued<\/a><\/p>\n","protected":false},"author":1,"featured_media":0,"parent":0,"menu_order":0,"comment_status":"closed","ping_status":"closed","template":"","meta":{"footnotes":""},"class_list":["post-930","page","type-page","status-publish","hentry"],"yoast_head":"<!-- This site is optimized with the Yoast SEO plugin v18.0 - https:\/\/yoast.com\/wordpress\/plugins\/seo\/ -->\n<title>Ecosystem - Les P\u00e9pini\u00e8res de la Roseli\u00e8re<\/title>\n<meta name=\"description\" content=\"Dans un environnement unique, d\u00e9couvrez notre \u00e9cosyst\u00e8me et nos activit\u00e9s : p\u00e9pini\u00e8re, vergers, jus de pommes, apiculture, miel, \u00e9levage, Tiny House.\" \/>\n<meta name=\"robots\" content=\"index, follow, max-snippet:-1, max-image-preview:large, max-video-preview:-1\" \/>\n<link rel=\"canonical\" href=\"https:\/\/lespepinieresdelaroseliere.fr\/en\/our-ecosystem\/\" \/>\n<meta property=\"og:locale\" content=\"en_US\" \/>\n<meta property=\"og:type\" content=\"article\" \/>\n<meta property=\"og:title\" content=\"Ecosystem - Les P\u00e9pini\u00e8res de la Roseli\u00e8re\" \/>\n<meta property=\"og:description\" content=\"Dans un environnement unique, d\u00e9couvrez notre \u00e9cosyst\u00e8me et nos activit\u00e9s : p\u00e9pini\u00e8re, vergers, jus de pommes, apiculture, miel, \u00e9levage, Tiny House.\" \/>\n<meta property=\"og:url\" content=\"https:\/\/lespepinieresdelaroseliere.fr\/en\/our-ecosystem\/\" \/>\n<meta property=\"og:site_name\" content=\"Les P\u00e9pini\u00e8res de la Roseli\u00e8re\" \/>\n<meta property=\"article:modified_time\" content=\"2022-01-28T09:55:17+00:00\" \/>\n<meta name=\"twitter:card\" content=\"summary\" \/>\n<meta name=\"twitter:label1\" content=\"Est. reading time\" \/>\n\t<meta name=\"twitter:data1\" content=\"2 minutes\" \/>\n<script type=\"application\/ld+json\" class=\"yoast-schema-graph\">{\"@context\":\"https:\/\/schema.org\",\"@graph\":[{\"@type\":\"WebSite\",\"@id\":\"https:\/\/lespepinieresdelaroseliere.fr\/#website\",\"url\":\"https:\/\/lespepinieresdelaroseliere.fr\/\",\"name\":\"Les P\u00e9pini\u00e8res de la Roseli\u00e8re\",\"description\":\"Sp\u00e9cialistes des charmilles, des haies pr\u00e9form\u00e9es, des arbres tiges et des topiaires, Les P\u00e9pini\u00e8res de la Roseli\u00e8re cultivent le v\u00e9g\u00e9tal comme l\u2019artisan fa\u00e7onne la mati\u00e8re : avec passion et humilit\u00e9.\",\"potentialAction\":[{\"@type\":\"SearchAction\",\"target\":{\"@type\":\"EntryPoint\",\"urlTemplate\":\"https:\/\/lespepinieresdelaroseliere.fr\/?s={search_term_string}\"},\"query-input\":\"required name=search_term_string\"}],\"inLanguage\":\"en-US\"},{\"@type\":\"WebPage\",\"@id\":\"https:\/\/lespepinieresdelaroseliere.fr\/en\/our-ecosystem\/#webpage\",\"url\":\"https:\/\/lespepinieresdelaroseliere.fr\/en\/our-ecosystem\/\",\"name\":\"Ecosystem - Les P\u00e9pini\u00e8res de la Roseli\u00e8re\",\"isPartOf\":{\"@id\":\"https:\/\/lespepinieresdelaroseliere.fr\/#website\"},\"datePublished\":\"2016-09-27T15:10:18+00:00\",\"dateModified\":\"2022-01-28T09:55:17+00:00\",\"description\":\"Dans un environnement unique, d\u00e9couvrez notre \u00e9cosyst\u00e8me et nos activit\u00e9s : p\u00e9pini\u00e8re, vergers, jus de pommes, apiculture, miel, \u00e9levage, Tiny House.\",\"breadcrumb\":{\"@id\":\"https:\/\/lespepinieresdelaroseliere.fr\/en\/our-ecosystem\/#breadcrumb\"},\"inLanguage\":\"en-US\",\"potentialAction\":[{\"@type\":\"ReadAction\",\"target\":[\"https:\/\/lespepinieresdelaroseliere.fr\/en\/our-ecosystem\/\"]}]},{\"@type\":\"BreadcrumbList\",\"@id\":\"https:\/\/lespepinieresdelaroseliere.fr\/en\/our-ecosystem\/#breadcrumb\",\"itemListElement\":[{\"@type\":\"ListItem\",\"position\":1,\"name\":\"Accueil\",\"item\":\"http:\/\/lespepinieresdelaroseliere.fr\/en\/\"},{\"@type\":\"ListItem\",\"position\":2,\"name\":\"ECOSYSTEM\"}]}]}<\/script>\n<!-- \/ Yoast SEO plugin. -->","yoast_head_json":{"title":"Ecosystem - Les P\u00e9pini\u00e8res de la Roseli\u00e8re","description":"Dans un environnement unique, d\u00e9couvrez notre \u00e9cosyst\u00e8me et nos activit\u00e9s : p\u00e9pini\u00e8re, vergers, jus de pommes, apiculture, miel, \u00e9levage, Tiny House.","robots":{"index":"index","follow":"follow","max-snippet":"max-snippet:-1","max-image-preview":"max-image-preview:large","max-video-preview":"max-video-preview:-1"},"canonical":"https:\/\/lespepinieresdelaroseliere.fr\/en\/our-ecosystem\/","og_locale":"en_US","og_type":"article","og_title":"Ecosystem - Les P\u00e9pini\u00e8res de la Roseli\u00e8re","og_description":"Dans un environnement unique, d\u00e9couvrez notre \u00e9cosyst\u00e8me et nos activit\u00e9s : p\u00e9pini\u00e8re, vergers, jus de pommes, apiculture, miel, \u00e9levage, Tiny House.","og_url":"https:\/\/lespepinieresdelaroseliere.fr\/en\/our-ecosystem\/","og_site_name":"Les P\u00e9pini\u00e8res de la Roseli\u00e8re","article_modified_time":"2022-01-28T09:55:17+00:00","twitter_card":"summary","twitter_misc":{"Est. reading time":"2 minutes"},"schema":{"@context":"https:\/\/schema.org","@graph":[{"@type":"WebSite","@id":"https:\/\/lespepinieresdelaroseliere.fr\/#website","url":"https:\/\/lespepinieresdelaroseliere.fr\/","name":"Les P\u00e9pini\u00e8res de la Roseli\u00e8re","description":"Sp\u00e9cialistes des charmilles, des haies pr\u00e9form\u00e9es, des arbres tiges et des topiaires, Les P\u00e9pini\u00e8res de la Roseli\u00e8re cultivent le v\u00e9g\u00e9tal comme l\u2019artisan fa\u00e7onne la mati\u00e8re : avec passion et humilit\u00e9.","potentialAction":[{"@type":"SearchAction","target":{"@type":"EntryPoint","urlTemplate":"https:\/\/lespepinieresdelaroseliere.fr\/?s={search_term_string}"},"query-input":"required name=search_term_string"}],"inLanguage":"en-US"},{"@type":"WebPage","@id":"https:\/\/lespepinieresdelaroseliere.fr\/en\/our-ecosystem\/#webpage","url":"https:\/\/lespepinieresdelaroseliere.fr\/en\/our-ecosystem\/","name":"Ecosystem - Les P\u00e9pini\u00e8res de la Roseli\u00e8re","isPartOf":{"@id":"https:\/\/lespepinieresdelaroseliere.fr\/#website"},"datePublished":"2016-09-27T15:10:18+00:00","dateModified":"2022-01-28T09:55:17+00:00","description":"Dans un environnement unique, d\u00e9couvrez notre \u00e9cosyst\u00e8me et nos activit\u00e9s : p\u00e9pini\u00e8re, vergers, jus de pommes, apiculture, miel, \u00e9levage, Tiny House.","breadcrumb":{"@id":"https:\/\/lespepinieresdelaroseliere.fr\/en\/our-ecosystem\/#breadcrumb"},"inLanguage":"en-US","potentialAction":[{"@type":"ReadAction","target":["https:\/\/lespepinieresdelaroseliere.fr\/en\/our-ecosystem\/"]}]},{"@type":"BreadcrumbList","@id":"https:\/\/lespepinieresdelaroseliere.fr\/en\/our-ecosystem\/#breadcrumb","itemListElement":[{"@type":"ListItem","position":1,"name":"Accueil","item":"http:\/\/lespepinieresdelaroseliere.fr\/en\/"},{"@type":"ListItem","position":2,"name":"ECOSYSTEM"}]}]}},"_links":{"self":[{"href":"http:\/\/lespepinieresdelaroseliere.fr\/en\/wp-json\/wp\/v2\/pages\/930","targetHints":{"allow":["GET"]}}],"collection":[{"href":"http:\/\/lespepinieresdelaroseliere.fr\/en\/wp-json\/wp\/v2\/pages"}],"about":[{"href":"http:\/\/lespepinieresdelaroseliere.fr\/en\/wp-json\/wp\/v2\/types\/page"}],"author":[{"embeddable":true,"href":"http:\/\/lespepinieresdelaroseliere.fr\/en\/wp-json\/wp\/v2\/users\/1"}],"replies":[{"embeddable":true,"href":"http:\/\/lespepinieresdelaroseliere.fr\/en\/wp-json\/wp\/v2\/comments?post=930"}],"version-history":[{"count":5,"href":"http:\/\/lespepinieresdelaroseliere.fr\/en\/wp-json\/wp\/v2\/pages\/930\/revisions"}],"predecessor-version":[{"id":991,"href":"http:\/\/lespepinieresdelaroseliere.fr\/en\/wp-json\/wp\/v2\/pages\/930\/revisions\/991"}],"wp:attachment":[{"href":"http:\/\/lespepinieresdelaroseliere.fr\/en\/wp-json\/wp\/v2\/media?parent=930"}],"curies":[{"name":"wp","href":"https:\/\/api.w.org\/{rel}","templated":true}]}}