{"id":932,"date":"2016-09-22T06:38:32","date_gmt":"2016-09-22T06:38:32","guid":{"rendered":"http:\/\/lespepinieresdelaroseliere.fr\/nos-metiers\/"},"modified":"2021-12-14T13:36:52","modified_gmt":"2021-12-14T13:36:52","slug":"nos-metiers","status":"publish","type":"page","link":"http:\/\/lespepinieresdelaroseliere.fr\/en\/","title":{"rendered":"SERVICES"},"content":{"rendered":"<p>[vc_row][vc_column][vc_row_inner][vc_column_inner][vc_column_text]<\/p>\n<h4><strong><em><span class=\"s1\">Les P\u00e9pini\u00e8res de la Roseli\u00e8re have their roots deep in the Pays de Bray, a region of Normandy in northern France. This is where Maxime Henneguez is continuing to develop the family business first set up by his father Denis in 1988, who planted the first of over 100,000 plants which today make up the nursery of 20 hectares (49 acres). Specialists in hornbeam, pre-formed hedges, standard trees and topiary, Les P\u00e9pini\u00e8res de la Roseli\u00e8re grow and fashion plants like craftspeople, shaping the plant material with both passion and respect.<\/span><\/em><\/strong><\/h4>\n<p>[\/vc_column_text][\/vc_column_inner][\/vc_row_inner][\/vc_column][\/vc_row][vc_row el_class=&#8221;flex&#8221;][vc_column width=&#8221;2\/3&#8243;][vc_row_inner][vc_column_inner][vc_column_text]<\/p>\n<h2>OUR SERVICES<\/h2>\n<p><strong>Gardens and landscapes are our passion and helping you to create beautiful outdoor spaces is our mission. Not only do we grow high-quality plants, trees and shrubs but we can also help your track down rarer varieties to widen the plant palette of your garden. In addition, we can offer you a full landscaping service from design to planting.<\/strong>[\/vc_column_text][vc_column_text el_class=&#8221;icon-box&#8221;]<img loading=\"lazy\" decoding=\"async\" class=\"alignleft wp-image-33 size-full\" src=\"http:\/\/lespepinieresdelaroseliere.fr\/wp-content\/uploads\/2016\/09\/production.png\" alt=\"production\" width=\"85\" height=\"85\" \/><\/p>\n<h3>Nursery Production<\/h3>\n<p>Pre-formed hedges, topiary, shrubs, niwaki sculpted specimens, standard trees.[\/vc_column_text][vc_column_text el_class=&#8221;icon-box&#8221;]<img loading=\"lazy\" decoding=\"async\" class=\"alignleft wp-image-37 size-full\" src=\"http:\/\/lespepinieresdelaroseliere.fr\/wp-content\/uploads\/2016\/09\/chasseur.png\" width=\"85\" height=\"85\" \/><\/p>\n<h3>Plant Sourcing<\/h3>\n<p>We can hunt down that rare variety or specimen that you require to complete your order.[\/vc_column_text][\/vc_column_inner][\/vc_row_inner][\/vc_column][vc_column width=&#8221;1\/3&#8243;][vc_row_inner][vc_column_inner][vc_column_text]<\/p>\n<h2>Your project<\/h2>\n<p>If you are:<\/p>\n<ul>\n<li>A private individual, owner of a garden or a balcony,<\/li>\n<li>A landscape architect or garden designer,<\/li>\n<li>A landscape contractor or<\/li>\n<li>A local authority or environmental organisation.<\/li>\n<\/ul>\n<p><strong>Please don&#8217;t hesitate to contact Maxime Henneguez to discuss your requirements on +33 (0)6 89 06 32 61 or <a href=\"mailto:m.henneguez@lespepinieresdelaroseliere.fr\" target=\"_blank\" rel=\"noopener noreferrer\">by email<\/a>.<\/strong>[\/vc_column_text][\/vc_column_inner][\/vc_row_inner][\/vc_column][\/vc_row]<\/p>\n","protected":false},"excerpt":{"rendered":"<p>[vc_row][vc_column][vc_row_inner][vc_column_inner][vc_column_text] Les P\u00e9pini\u00e8res de la Roseli\u00e8re have their roots deep in the Pays de Bray, a region of Normandy in northern France. This is where Maxime Henneguez is continuing to develop the family business first set up by his father Denis in 1988, who planted the first of over 100,000 plants which today make up &hellip; <a href=\"http:\/\/lespepinieresdelaroseliere.fr\/en\/\">Continued<\/a><\/p>\n","protected":false},"author":1,"featured_media":0,"parent":0,"menu_order":0,"comment_status":"closed","ping_status":"closed","template":"","meta":{"footnotes":""},"class_list":["post-932","page","type-page","status-publish","hentry"],"yoast_head":"<!-- This site is optimized with the Yoast SEO plugin v18.0 - https:\/\/yoast.com\/wordpress\/plugins\/seo\/ -->\n<title>Services - Les P\u00e9pini\u00e8res de la Roseli\u00e8re<\/title>\n<meta name=\"description\" content=\"Producteurs de v\u00e9g\u00e9taux, d&#039;arbres et d&#039;arbustes, nous sommes aussi chasseurs de plantes ! Nos services + : conception de jardins et plantation d&#039;arbres.\" \/>\n<meta name=\"robots\" content=\"index, follow, max-snippet:-1, max-image-preview:large, max-video-preview:-1\" \/>\n<link rel=\"canonical\" href=\"https:\/\/lespepinieresdelaroseliere.fr\/en\/\" \/>\n<meta property=\"og:locale\" content=\"en_US\" \/>\n<meta property=\"og:type\" content=\"article\" \/>\n<meta property=\"og:title\" content=\"Services - Les P\u00e9pini\u00e8res de la Roseli\u00e8re\" \/>\n<meta property=\"og:description\" content=\"Producteurs de v\u00e9g\u00e9taux, d&#039;arbres et d&#039;arbustes, nous sommes aussi chasseurs de plantes ! Nos services + : conception de jardins et plantation d&#039;arbres.\" \/>\n<meta property=\"og:url\" content=\"https:\/\/lespepinieresdelaroseliere.fr\/en\/\" \/>\n<meta property=\"og:site_name\" content=\"Les P\u00e9pini\u00e8res de la Roseli\u00e8re\" \/>\n<meta property=\"article:modified_time\" content=\"2021-12-14T13:36:52+00:00\" \/>\n<meta property=\"og:image\" content=\"http:\/\/lespepinieresdelaroseliere.fr\/wp-content\/uploads\/2016\/09\/production.png\" \/>\n<meta name=\"twitter:card\" content=\"summary\" \/>\n<meta name=\"twitter:label1\" content=\"Est. reading time\" \/>\n\t<meta name=\"twitter:data1\" content=\"2 minutes\" \/>\n<script type=\"application\/ld+json\" class=\"yoast-schema-graph\">{\"@context\":\"https:\/\/schema.org\",\"@graph\":[{\"@type\":\"WebSite\",\"@id\":\"http:\/\/lespepinieresdelaroseliere.fr\/#website\",\"url\":\"http:\/\/lespepinieresdelaroseliere.fr\/\",\"name\":\"Les P\u00e9pini\u00e8res de la Roseli\u00e8re\",\"description\":\"Sp\u00e9cialistes des charmilles, des haies pr\u00e9form\u00e9es, des arbres tiges et des topiaires, Les P\u00e9pini\u00e8res de la Roseli\u00e8re cultivent le v\u00e9g\u00e9tal comme l\u2019artisan fa\u00e7onne la mati\u00e8re : avec passion et humilit\u00e9.\",\"potentialAction\":[{\"@type\":\"SearchAction\",\"target\":{\"@type\":\"EntryPoint\",\"urlTemplate\":\"http:\/\/lespepinieresdelaroseliere.fr\/?s={search_term_string}\"},\"query-input\":\"required name=search_term_string\"}],\"inLanguage\":\"en-US\"},{\"@type\":\"ImageObject\",\"@id\":\"https:\/\/lespepinieresdelaroseliere.fr\/en\/#primaryimage\",\"inLanguage\":\"en-US\",\"url\":\"http:\/\/lespepinieresdelaroseliere.fr\/wp-content\/uploads\/2016\/09\/production.png\",\"contentUrl\":\"http:\/\/lespepinieresdelaroseliere.fr\/wp-content\/uploads\/2016\/09\/production.png\",\"width\":85,\"height\":85,\"caption\":\"Production de v\u00e9g\u00e9taux - Les P\u00e9pini\u00e8res de la Roseli\u00e8re - Normandie\"},{\"@type\":\"WebPage\",\"@id\":\"https:\/\/lespepinieresdelaroseliere.fr\/en\/#webpage\",\"url\":\"https:\/\/lespepinieresdelaroseliere.fr\/en\/\",\"name\":\"Services - Les P\u00e9pini\u00e8res de la Roseli\u00e8re\",\"isPartOf\":{\"@id\":\"http:\/\/lespepinieresdelaroseliere.fr\/#website\"},\"primaryImageOfPage\":{\"@id\":\"https:\/\/lespepinieresdelaroseliere.fr\/en\/#primaryimage\"},\"datePublished\":\"2016-09-22T06:38:32+00:00\",\"dateModified\":\"2021-12-14T13:36:52+00:00\",\"description\":\"Producteurs de v\u00e9g\u00e9taux, d'arbres et d'arbustes, nous sommes aussi chasseurs de plantes ! Nos services + : conception de jardins et plantation d'arbres.\",\"breadcrumb\":{\"@id\":\"https:\/\/lespepinieresdelaroseliere.fr\/en\/#breadcrumb\"},\"inLanguage\":\"en-US\",\"potentialAction\":[{\"@type\":\"ReadAction\",\"target\":[\"https:\/\/lespepinieresdelaroseliere.fr\/en\/\"]}]},{\"@type\":\"BreadcrumbList\",\"@id\":\"https:\/\/lespepinieresdelaroseliere.fr\/en\/#breadcrumb\",\"itemListElement\":[{\"@type\":\"ListItem\",\"position\":1,\"name\":\"Accueil\",\"item\":\"https:\/\/lespepinieresdelaroseliere.fr\/en\/\"},{\"@type\":\"ListItem\",\"position\":2,\"name\":\"SERVICES\"}]}]}<\/script>\n<!-- \/ Yoast SEO plugin. -->","yoast_head_json":{"title":"Services - Les P\u00e9pini\u00e8res de la Roseli\u00e8re","description":"Producteurs de v\u00e9g\u00e9taux, d'arbres et d'arbustes, nous sommes aussi chasseurs de plantes ! Nos services + : conception de jardins et plantation d'arbres.","robots":{"index":"index","follow":"follow","max-snippet":"max-snippet:-1","max-image-preview":"max-image-preview:large","max-video-preview":"max-video-preview:-1"},"canonical":"https:\/\/lespepinieresdelaroseliere.fr\/en\/","og_locale":"en_US","og_type":"article","og_title":"Services - Les P\u00e9pini\u00e8res de la Roseli\u00e8re","og_description":"Producteurs de v\u00e9g\u00e9taux, d'arbres et d'arbustes, nous sommes aussi chasseurs de plantes ! Nos services + : conception de jardins et plantation d'arbres.","og_url":"https:\/\/lespepinieresdelaroseliere.fr\/en\/","og_site_name":"Les P\u00e9pini\u00e8res de la Roseli\u00e8re","article_modified_time":"2021-12-14T13:36:52+00:00","og_image":[{"url":"http:\/\/lespepinieresdelaroseliere.fr\/wp-content\/uploads\/2016\/09\/production.png"}],"twitter_card":"summary","twitter_misc":{"Est. reading time":"2 minutes"},"schema":{"@context":"https:\/\/schema.org","@graph":[{"@type":"WebSite","@id":"http:\/\/lespepinieresdelaroseliere.fr\/#website","url":"http:\/\/lespepinieresdelaroseliere.fr\/","name":"Les P\u00e9pini\u00e8res de la Roseli\u00e8re","description":"Sp\u00e9cialistes des charmilles, des haies pr\u00e9form\u00e9es, des arbres tiges et des topiaires, Les P\u00e9pini\u00e8res de la Roseli\u00e8re cultivent le v\u00e9g\u00e9tal comme l\u2019artisan fa\u00e7onne la mati\u00e8re : avec passion et humilit\u00e9.","potentialAction":[{"@type":"SearchAction","target":{"@type":"EntryPoint","urlTemplate":"http:\/\/lespepinieresdelaroseliere.fr\/?s={search_term_string}"},"query-input":"required name=search_term_string"}],"inLanguage":"en-US"},{"@type":"ImageObject","@id":"https:\/\/lespepinieresdelaroseliere.fr\/en\/#primaryimage","inLanguage":"en-US","url":"http:\/\/lespepinieresdelaroseliere.fr\/wp-content\/uploads\/2016\/09\/production.png","contentUrl":"http:\/\/lespepinieresdelaroseliere.fr\/wp-content\/uploads\/2016\/09\/production.png","width":85,"height":85,"caption":"Production de v\u00e9g\u00e9taux - Les P\u00e9pini\u00e8res de la Roseli\u00e8re - Normandie"},{"@type":"WebPage","@id":"https:\/\/lespepinieresdelaroseliere.fr\/en\/#webpage","url":"https:\/\/lespepinieresdelaroseliere.fr\/en\/","name":"Services - Les P\u00e9pini\u00e8res de la Roseli\u00e8re","isPartOf":{"@id":"http:\/\/lespepinieresdelaroseliere.fr\/#website"},"primaryImageOfPage":{"@id":"https:\/\/lespepinieresdelaroseliere.fr\/en\/#primaryimage"},"datePublished":"2016-09-22T06:38:32+00:00","dateModified":"2021-12-14T13:36:52+00:00","description":"Producteurs de v\u00e9g\u00e9taux, d'arbres et d'arbustes, nous sommes aussi chasseurs de plantes ! Nos services + : conception de jardins et plantation d'arbres.","breadcrumb":{"@id":"https:\/\/lespepinieresdelaroseliere.fr\/en\/#breadcrumb"},"inLanguage":"en-US","potentialAction":[{"@type":"ReadAction","target":["https:\/\/lespepinieresdelaroseliere.fr\/en\/"]}]},{"@type":"BreadcrumbList","@id":"https:\/\/lespepinieresdelaroseliere.fr\/en\/#breadcrumb","itemListElement":[{"@type":"ListItem","position":1,"name":"Accueil","item":"https:\/\/lespepinieresdelaroseliere.fr\/en\/"},{"@type":"ListItem","position":2,"name":"SERVICES"}]}]}},"_links":{"self":[{"href":"http:\/\/lespepinieresdelaroseliere.fr\/en\/wp-json\/wp\/v2\/pages\/932","targetHints":{"allow":["GET"]}}],"collection":[{"href":"http:\/\/lespepinieresdelaroseliere.fr\/en\/wp-json\/wp\/v2\/pages"}],"about":[{"href":"http:\/\/lespepinieresdelaroseliere.fr\/en\/wp-json\/wp\/v2\/types\/page"}],"author":[{"embeddable":true,"href":"http:\/\/lespepinieresdelaroseliere.fr\/en\/wp-json\/wp\/v2\/users\/1"}],"replies":[{"embeddable":true,"href":"http:\/\/lespepinieresdelaroseliere.fr\/en\/wp-json\/wp\/v2\/comments?post=932"}],"version-history":[{"count":1,"href":"http:\/\/lespepinieresdelaroseliere.fr\/en\/wp-json\/wp\/v2\/pages\/932\/revisions"}],"predecessor-version":[{"id":948,"href":"http:\/\/lespepinieresdelaroseliere.fr\/en\/wp-json\/wp\/v2\/pages\/932\/revisions\/948"}],"wp:attachment":[{"href":"http:\/\/lespepinieresdelaroseliere.fr\/en\/wp-json\/wp\/v2\/media?parent=932"}],"curies":[{"name":"wp","href":"https:\/\/api.w.org\/{rel}","templated":true}]}}