{"id":935,"date":"2016-10-13T06:31:53","date_gmt":"2016-10-13T06:31:53","guid":{"rendered":"http:\/\/lespepinieresdelaroseliere.fr\/mentions-legales\/"},"modified":"2021-12-14T13:36:10","modified_gmt":"2021-12-14T13:36:10","slug":"mentions-legales","status":"publish","type":"page","link":"http:\/\/lespepinieresdelaroseliere.fr\/en\/mentions-legales\/","title":{"rendered":"Legal notices"},"content":{"rendered":"<p>[vc_row][vc_column][vc_column_text]<\/p>\n<h2>Legal notices<\/h2>\n<p><strong>Les P\u00e9pini\u00e8res de la Roseli\u00e8re<\/strong><br \/>\n1040, route des Bois Illards<br \/>\n76270 Saint Saire \u2013 France<br \/>\nT +33 6 89 06 32 61<\/p>\n<p><strong>Directeur de la publication<\/strong><br \/>\nMaxime Henneguez<\/p>\n<p><strong>Cr\u00e9ation et webdesign<\/strong><br \/>\nNatacha Sellier<br \/>\nselliernatacha@gmail.com<\/p>\n<p><strong>D\u00e9veloppement<\/strong><br \/>\nFilip Nowak<\/p>\n<p><strong>H\u00e9bergement<\/strong><br \/>\n1 and 1 Rue Louis Denoual 60540 Bornel<\/p>\n<p><strong>Conditions d\u2019utilisation<\/strong><br \/>\nLes informations contenues et consultables sur le pr\u00e9sent site sont fournies \u00e0 titre indicatif et informatif par Les P\u00e9pini\u00e8res de la Roseli\u00e8re. Elles peuvent \u00eatre modifi\u00e9es \u00e0 tout moment sans pr\u00e9avis. En aucun cas\u00a0elles ne sauraient constituer un conseil ou un service de quelque nature que ce soit. Vous assumez l\u2019enti\u00e8re responsabilit\u00e9 de l\u2019utilisation de ce site ou de l\u2019information qu\u2019il contient. Les P\u00e9pini\u00e8res de la Roseli\u00e8re ne saurait \u00eatre tenu pour responsable de dommages li\u00e9s \u00e0 la consultation ou \u00e0 l\u2019utilisation du site web par l\u2019utilisateur. Des liens hypertextes peuvent renvoyer vers des sites tiers sur lesquels Les P\u00e9pini\u00e8res de la Roseli\u00e8re n\u2019exerce aucun contr\u00f4le. Les P\u00e9pini\u00e8res de la Roseli\u00e8re d\u00e9gage toute responsabilit\u00e9 quant au contenu de ces sites. L\u2019utilisation de ce service est r\u00e9serv\u00e9e \u00e0 un usage strictement personnel. Toute reproduction ou repr\u00e9sentation, de tout ou partie des \u00e9l\u00e9ments d\u2019information, brochures ou logos contenus sur le site, sur un quelconque support est interdite. Le non respect de cette interdiction constitue une contrefa\u00e7on pouvant engager la responsabilit\u00e9 civile et p\u00e9nale du contrefacteur.<\/p>\n<p><strong>Confidentialit\u00e9\u00a0<\/strong><br \/>\nLes informations vous concernant transmises par l\u2019interm\u00e9diaire du site de Les P\u00e9pini\u00e8res de la Roseli\u00e8re sont consultables exclusivement par les membres de nos \u00e9quipes professionnelles. Conform\u00e9ment \u00e0 la loi \u201cinformatique et libert\u00e9\u201d (LOI N8 78-17 DU 6 JANVIER 1978), vous disposez d\u2019un droit d\u2019acc\u00e8s, de rectification, et de suppression des donn\u00e9es relativement aux informations vous concernant. Vous pouvez l\u2019exercer \u00e0 tout moment, en nous informant par courrier \u00e9lectronique (m.henneguez@lespepinieresdelaroseliere.fr) ou par courrier simple : Les P\u00e9pini\u00e8res de la Roseli\u00e8re, 1040, route des Bois Illards &#8211; 76270 Saint Saire.[\/vc_column_text][\/vc_column][\/vc_row]<\/p>\n","protected":false},"excerpt":{"rendered":"<p>[vc_row][vc_column][vc_column_text] Legal notices Les P\u00e9pini\u00e8res de la Roseli\u00e8re 1040, route des Bois Illards 76270 Saint Saire \u2013 France T +33 6 89 06 32 61 Directeur de la publication Maxime Henneguez Cr\u00e9ation et webdesign Natacha Sellier selliernatacha@gmail.com D\u00e9veloppement Filip Nowak H\u00e9bergement 1 and 1 Rue Louis Denoual 60540 Bornel Conditions d\u2019utilisation Les informations contenues et &hellip; <a href=\"http:\/\/lespepinieresdelaroseliere.fr\/en\/mentions-legales\/\">Continued<\/a><\/p>\n","protected":false},"author":1,"featured_media":0,"parent":0,"menu_order":0,"comment_status":"closed","ping_status":"closed","template":"","meta":{"footnotes":""},"class_list":["post-935","page","type-page","status-publish","hentry"],"yoast_head":"<!-- This site is optimized with the Yoast SEO plugin v18.0 - https:\/\/yoast.com\/wordpress\/plugins\/seo\/ -->\n<title>Legal notices - Les P\u00e9pini\u00e8res de la Roseli\u00e8re<\/title>\n<meta name=\"description\" content=\"Legal notices\" \/>\n<meta name=\"robots\" content=\"index, follow, max-snippet:-1, max-image-preview:large, max-video-preview:-1\" \/>\n<link rel=\"canonical\" href=\"http:\/\/lespepinieresdelaroseliere.fr\/en\/mentions-legales\/\" \/>\n<meta property=\"og:locale\" content=\"en_US\" \/>\n<meta property=\"og:type\" content=\"article\" \/>\n<meta property=\"og:title\" content=\"Legal notices - Les P\u00e9pini\u00e8res de la Roseli\u00e8re\" \/>\n<meta property=\"og:description\" content=\"Legal notices\" \/>\n<meta property=\"og:url\" content=\"http:\/\/lespepinieresdelaroseliere.fr\/en\/mentions-legales\/\" \/>\n<meta property=\"og:site_name\" content=\"Les P\u00e9pini\u00e8res de la Roseli\u00e8re\" \/>\n<meta property=\"article:modified_time\" content=\"2021-12-14T13:36:10+00:00\" \/>\n<meta name=\"twitter:card\" content=\"summary\" \/>\n<meta name=\"twitter:label1\" content=\"Est. reading time\" \/>\n\t<meta name=\"twitter:data1\" content=\"2 minutes\" \/>\n<script type=\"application\/ld+json\" class=\"yoast-schema-graph\">{\"@context\":\"https:\/\/schema.org\",\"@graph\":[{\"@type\":\"WebSite\",\"@id\":\"https:\/\/lespepinieresdelaroseliere.fr\/en\/#website\",\"url\":\"https:\/\/lespepinieresdelaroseliere.fr\/en\/\",\"name\":\"Les P\u00e9pini\u00e8res de la Roseli\u00e8re\",\"description\":\"Sp\u00e9cialistes des charmilles, des haies pr\u00e9form\u00e9es, des arbres tiges et des topiaires, Les P\u00e9pini\u00e8res de la Roseli\u00e8re cultivent le v\u00e9g\u00e9tal comme l\u2019artisan fa\u00e7onne la mati\u00e8re : avec passion et humilit\u00e9.\",\"potentialAction\":[{\"@type\":\"SearchAction\",\"target\":{\"@type\":\"EntryPoint\",\"urlTemplate\":\"https:\/\/lespepinieresdelaroseliere.fr\/en\/?s={search_term_string}\"},\"query-input\":\"required name=search_term_string\"}],\"inLanguage\":\"en-US\"},{\"@type\":\"WebPage\",\"@id\":\"http:\/\/lespepinieresdelaroseliere.fr\/en\/mentions-legales\/#webpage\",\"url\":\"http:\/\/lespepinieresdelaroseliere.fr\/en\/mentions-legales\/\",\"name\":\"Legal notices - Les P\u00e9pini\u00e8res de la Roseli\u00e8re\",\"isPartOf\":{\"@id\":\"https:\/\/lespepinieresdelaroseliere.fr\/en\/#website\"},\"datePublished\":\"2016-10-13T06:31:53+00:00\",\"dateModified\":\"2021-12-14T13:36:10+00:00\",\"description\":\"Legal notices\",\"breadcrumb\":{\"@id\":\"http:\/\/lespepinieresdelaroseliere.fr\/en\/mentions-legales\/#breadcrumb\"},\"inLanguage\":\"en-US\",\"potentialAction\":[{\"@type\":\"ReadAction\",\"target\":[\"http:\/\/lespepinieresdelaroseliere.fr\/en\/mentions-legales\/\"]}]},{\"@type\":\"BreadcrumbList\",\"@id\":\"http:\/\/lespepinieresdelaroseliere.fr\/en\/mentions-legales\/#breadcrumb\",\"itemListElement\":[{\"@type\":\"ListItem\",\"position\":1,\"name\":\"Accueil\",\"item\":\"https:\/\/lespepinieresdelaroseliere.fr\/en\/\"},{\"@type\":\"ListItem\",\"position\":2,\"name\":\"Legal notices\"}]}]}<\/script>\n<!-- \/ Yoast SEO plugin. -->","yoast_head_json":{"title":"Legal notices - Les P\u00e9pini\u00e8res de la Roseli\u00e8re","description":"Legal notices","robots":{"index":"index","follow":"follow","max-snippet":"max-snippet:-1","max-image-preview":"max-image-preview:large","max-video-preview":"max-video-preview:-1"},"canonical":"http:\/\/lespepinieresdelaroseliere.fr\/en\/mentions-legales\/","og_locale":"en_US","og_type":"article","og_title":"Legal notices - Les P\u00e9pini\u00e8res de la Roseli\u00e8re","og_description":"Legal notices","og_url":"http:\/\/lespepinieresdelaroseliere.fr\/en\/mentions-legales\/","og_site_name":"Les P\u00e9pini\u00e8res de la Roseli\u00e8re","article_modified_time":"2021-12-14T13:36:10+00:00","twitter_card":"summary","twitter_misc":{"Est. reading time":"2 minutes"},"schema":{"@context":"https:\/\/schema.org","@graph":[{"@type":"WebSite","@id":"https:\/\/lespepinieresdelaroseliere.fr\/en\/#website","url":"https:\/\/lespepinieresdelaroseliere.fr\/en\/","name":"Les P\u00e9pini\u00e8res de la Roseli\u00e8re","description":"Sp\u00e9cialistes des charmilles, des haies pr\u00e9form\u00e9es, des arbres tiges et des topiaires, Les P\u00e9pini\u00e8res de la Roseli\u00e8re cultivent le v\u00e9g\u00e9tal comme l\u2019artisan fa\u00e7onne la mati\u00e8re : avec passion et humilit\u00e9.","potentialAction":[{"@type":"SearchAction","target":{"@type":"EntryPoint","urlTemplate":"https:\/\/lespepinieresdelaroseliere.fr\/en\/?s={search_term_string}"},"query-input":"required name=search_term_string"}],"inLanguage":"en-US"},{"@type":"WebPage","@id":"http:\/\/lespepinieresdelaroseliere.fr\/en\/mentions-legales\/#webpage","url":"http:\/\/lespepinieresdelaroseliere.fr\/en\/mentions-legales\/","name":"Legal notices - Les P\u00e9pini\u00e8res de la Roseli\u00e8re","isPartOf":{"@id":"https:\/\/lespepinieresdelaroseliere.fr\/en\/#website"},"datePublished":"2016-10-13T06:31:53+00:00","dateModified":"2021-12-14T13:36:10+00:00","description":"Legal notices","breadcrumb":{"@id":"http:\/\/lespepinieresdelaroseliere.fr\/en\/mentions-legales\/#breadcrumb"},"inLanguage":"en-US","potentialAction":[{"@type":"ReadAction","target":["http:\/\/lespepinieresdelaroseliere.fr\/en\/mentions-legales\/"]}]},{"@type":"BreadcrumbList","@id":"http:\/\/lespepinieresdelaroseliere.fr\/en\/mentions-legales\/#breadcrumb","itemListElement":[{"@type":"ListItem","position":1,"name":"Accueil","item":"https:\/\/lespepinieresdelaroseliere.fr\/en\/"},{"@type":"ListItem","position":2,"name":"Legal notices"}]}]}},"_links":{"self":[{"href":"http:\/\/lespepinieresdelaroseliere.fr\/en\/wp-json\/wp\/v2\/pages\/935","targetHints":{"allow":["GET"]}}],"collection":[{"href":"http:\/\/lespepinieresdelaroseliere.fr\/en\/wp-json\/wp\/v2\/pages"}],"about":[{"href":"http:\/\/lespepinieresdelaroseliere.fr\/en\/wp-json\/wp\/v2\/types\/page"}],"author":[{"embeddable":true,"href":"http:\/\/lespepinieresdelaroseliere.fr\/en\/wp-json\/wp\/v2\/users\/1"}],"replies":[{"embeddable":true,"href":"http:\/\/lespepinieresdelaroseliere.fr\/en\/wp-json\/wp\/v2\/comments?post=935"}],"version-history":[{"count":1,"href":"http:\/\/lespepinieresdelaroseliere.fr\/en\/wp-json\/wp\/v2\/pages\/935\/revisions"}],"predecessor-version":[{"id":947,"href":"http:\/\/lespepinieresdelaroseliere.fr\/en\/wp-json\/wp\/v2\/pages\/935\/revisions\/947"}],"wp:attachment":[{"href":"http:\/\/lespepinieresdelaroseliere.fr\/en\/wp-json\/wp\/v2\/media?parent=935"}],"curies":[{"name":"wp","href":"https:\/\/api.w.org\/{rel}","templated":true}]}}