{"id":936,"date":"2016-09-26T07:08:31","date_gmt":"2016-09-26T07:08:31","guid":{"rendered":"http:\/\/lespepinieresdelaroseliere.fr\/nos-vegetaux\/"},"modified":"2021-12-14T12:10:58","modified_gmt":"2021-12-14T12:10:58","slug":"nos-vegetaux","status":"publish","type":"page","link":"http:\/\/lespepinieresdelaroseliere.fr\/en\/nos-vegetaux\/","title":{"rendered":"NURSERY"},"content":{"rendered":"<p>[vc_row el_class=&#8221;flex&#8221;][vc_column width=&#8221;1\/3&#8243; el_class=&#8221;fade-box &#8220;][vc_column_text]<\/p>\n<h2><strong>Plant material<\/strong><\/h2>\n<p>Every tree and shrub grown in our nursery reflects the place where it was grown. Our clay soil and unpredictable climate helps us grow high quality hardy plants. Slowly but surely, fashioned at the hands of our expert nurserymen, the young plant is shaped into a shrub, tree, hedge or topiary, to provide the essential material for your landscape project.[\/vc_column_text][\/vc_column][vc_column width=&#8221;1\/3&#8243; el_class=&#8221;fade-box &#8220;][vc_column_text el_class=&#8221;header&#8221; css=&#8221;.vc_custom_1477033801991{background-image: url(http:\/\/lespepinieresdelaroseliere.fr\/wp-content\/uploads\/2016\/10\/Buxus-sempervirens-Buis-communs-2-e1476709539775.jpg?id=347) !important;}&#8221;][\/vc_column_text][vc_column_text]<\/p>\n<h2>Topiary<\/h2>\n<p>French gardens owe much of their style to the geometric shapes of topiary, an art form that demands patience and respect of the plant.[\/vc_column_text][vc_gallery type=&#8221;image_grid&#8221; images=&#8221;380,379,378,377,376,375,374,373,372,371,370,369,368,367,366,365,364,363,362,361,360,359,358,357,356,355,354,353,352,351,350,349,348,347,346,345,344&#8243; onclick=&#8221;img_link_large&#8221;][\/vc_column][vc_column width=&#8221;1\/3&#8243; el_class=&#8221;fade-box &#8220;][vc_column_text el_class=&#8221;header&#8221; css=&#8221;.vc_custom_1477033822830{background-image: url(http:\/\/lespepinieresdelaroseliere.fr\/wp-content\/uploads\/2016\/10\/Carpinus-betulus-Charmille-commune-haies-formees120x60x80-2.jpg?id=160) !important;}&#8221;][\/vc_column_text][vc_column_text]<\/p>\n<h2>Pre-formed hedges<\/h2>\n<p>Hedges, a defining feature of our local &#8216;bocage&#8217; landscape, structure the pastureland around our nursery. We grow saplings into hedges that are ready to plant for an instant effect.[\/vc_column_text][vc_gallery type=&#8221;image_grid&#8221; images=&#8221;165,164,163,162,161,160,159,449&#8243; onclick=&#8221;img_link_large&#8221;][\/vc_column][\/vc_row][vc_row el_class=&#8221;flex&#8221;][vc_column width=&#8221;1\/3&#8243; el_class=&#8221;fade-box &#8220;][vc_column_text el_class=&#8221;header&#8221; css=&#8221;.vc_custom_1477034017133{background-image: url(http:\/\/lespepinieresdelaroseliere.fr\/wp-content\/uploads\/2016\/10\/Osmanthus-burkwoodii-Osmanthes-de-Burkwood.jpg?id=489) !important;}&#8221;][\/vc_column_text][vc_column_text]<\/p>\n<h2>Shrubs<\/h2>\n<p>Deciduous or evergreen, shrubs create the primary structure of your garden.<\/p>\n<p>&nbsp;<\/p>\n<p>&nbsp;<\/p>\n<p>[\/vc_column_text][vc_gallery type=&#8221;image_grid&#8221; images=&#8221;191,190,189,188,187,186,185,184,183,182,492,491,490,489,488,487,486,485,484,483,482,481,480,479,478,477,476,475,474,473&#8243; onclick=&#8221;img_link_large&#8221;][\/vc_column][vc_column width=&#8221;1\/3&#8243; el_class=&#8221;fade-box &#8220;][vc_column_text el_class=&#8221;header&#8221; css=&#8221;.vc_custom_1477033947171{background-image: url(http:\/\/lespepinieresdelaroseliere.fr\/wp-content\/uploads\/2016\/10\/Acer-x-freemanii-Autumn-Blaze-Erable-Rouge-2.jpg?id=416) !important;}&#8221;][\/vc_column_text][vc_column_text]<\/p>\n<h2>Standard and multi-stem trees<\/h2>\n<p>Soaring above us, linking the sky to the ground, trees are key features in our streets, parks and gardens. Standard trees can create the focus of a square or create an avenue to echo a stone facade.\u00a0 The fuller shapes of multi-stem trees can provide a lower strata or understorey.[\/vc_column_text][vc_gallery type=&#8221;image_grid&#8221; images=&#8221;242,411,410,409,408,407,406,405,404,403,402,401,400,399,398,397,396,395,394,393,392,391,390,389,388,387,386,385,384,383,413,382,414,426,425,424,423,422,421,419,418,417,416,415,433,432,431,430,429,428,441,440,439,438,437,436,435,447,446,445,444,443,449,450&#8243; onclick=&#8221;img_link_large&#8221;][\/vc_column][vc_column width=&#8221;1\/3&#8243; el_class=&#8221;fade-box &#8220;][vc_column_text el_class=&#8221;header&#8221; css=&#8221;.vc_custom_1477034082359{background-image: url(http:\/\/lespepinieresdelaroseliere.fr\/wp-content\/uploads\/2016\/10\/Fagus-sylvatica-niwaki-H\u00eatre-commun-Niwaki-2-e1476862997677.jpg?id=460) !important;}&#8221;][\/vc_column_text][vc_column_text]<\/p>\n<h2>Niwaki<\/h2>\n<p>Niwaki cloud-pruned trees create a micro-landscape within the garden with a subtle evocation of Asia ; their clean lines symbolising the zen garden.<\/p>\n<p>&nbsp;<\/p>\n<p>[\/vc_column_text][vc_gallery type=&#8221;image_grid&#8221; images=&#8221;471,470,469,468,467,466,465,464,463,462,461,460,459,458&#8243; onclick=&#8221;img_link_large&#8221;][\/vc_column][\/vc_row]<\/p>\n","protected":false},"excerpt":{"rendered":"<p>[vc_row el_class=&#8221;flex&#8221;][vc_column width=&#8221;1\/3&#8243; el_class=&#8221;fade-box &#8220;][vc_column_text] Plant material Every tree and shrub grown in our nursery reflects the place where it was grown. Our clay soil and unpredictable climate helps us grow high quality hardy plants. Slowly but surely, fashioned at the hands of our expert nurserymen, the young plant is shaped into a shrub, tree, &hellip; <a href=\"http:\/\/lespepinieresdelaroseliere.fr\/en\/nos-vegetaux\/\">Continued<\/a><\/p>\n","protected":false},"author":1,"featured_media":938,"parent":0,"menu_order":0,"comment_status":"closed","ping_status":"closed","template":"","meta":{"footnotes":""},"class_list":["post-936","page","type-page","status-publish","has-post-thumbnail","hentry"],"yoast_head":"<!-- This site is optimized with the Yoast SEO plugin v18.0 - https:\/\/yoast.com\/wordpress\/plugins\/seo\/ -->\n<title>Nos v\u00e9g\u00e9taux - Les P\u00e9pini\u00e8res de la Roseli\u00e8re<\/title>\n<meta name=\"description\" content=\"Nos v\u00e9g\u00e9taux: topiaires, haies form\u00e9es, arbustes, arbres tiges, arbres branchus, niwaki, arbres solitaires, arbres d&#039;exception\" \/>\n<meta name=\"robots\" content=\"index, follow, max-snippet:-1, max-image-preview:large, max-video-preview:-1\" \/>\n<link rel=\"canonical\" href=\"https:\/\/lespepinieresdelaroseliere.fr\/en\/nos-vegetaux\/\" \/>\n<meta property=\"og:locale\" content=\"en_US\" \/>\n<meta property=\"og:type\" content=\"article\" \/>\n<meta property=\"og:title\" content=\"Nos v\u00e9g\u00e9taux - Les P\u00e9pini\u00e8res de la Roseli\u00e8re\" \/>\n<meta property=\"og:description\" content=\"Nos v\u00e9g\u00e9taux: topiaires, haies form\u00e9es, arbustes, arbres tiges, arbres branchus, niwaki, arbres solitaires, arbres d&#039;exception\" \/>\n<meta property=\"og:url\" content=\"https:\/\/lespepinieresdelaroseliere.fr\/en\/nos-vegetaux\/\" \/>\n<meta property=\"og:site_name\" content=\"Les P\u00e9pini\u00e8res de la Roseli\u00e8re\" \/>\n<meta property=\"article:modified_time\" content=\"2021-12-14T12:10:58+00:00\" \/>\n<meta property=\"og:image\" content=\"https:\/\/lespepinieresdelaroseliere.fr\/wp-content\/uploads\/2016\/10\/Fagus-sylvatica-en-cylindre-Hetre-communs-en-cylindre-e1476708981245.jpg\" \/>\n\t<meta property=\"og:image:width\" content=\"2000\" \/>\n\t<meta property=\"og:image:height\" content=\"1333\" \/>\n\t<meta property=\"og:image:type\" content=\"image\/jpeg\" \/>\n<meta name=\"twitter:card\" content=\"summary\" \/>\n<meta name=\"twitter:label1\" content=\"Est. reading time\" \/>\n\t<meta name=\"twitter:data1\" content=\"2 minutes\" \/>\n<script type=\"application\/ld+json\" class=\"yoast-schema-graph\">{\"@context\":\"https:\/\/schema.org\",\"@graph\":[{\"@type\":\"WebSite\",\"@id\":\"https:\/\/lespepinieresdelaroseliere.fr\/#website\",\"url\":\"https:\/\/lespepinieresdelaroseliere.fr\/\",\"name\":\"Les P\u00e9pini\u00e8res de la Roseli\u00e8re\",\"description\":\"Sp\u00e9cialistes des charmilles, des haies pr\u00e9form\u00e9es, des arbres tiges et des topiaires, Les P\u00e9pini\u00e8res de la Roseli\u00e8re cultivent le v\u00e9g\u00e9tal comme l\u2019artisan fa\u00e7onne la mati\u00e8re : avec passion et humilit\u00e9.\",\"potentialAction\":[{\"@type\":\"SearchAction\",\"target\":{\"@type\":\"EntryPoint\",\"urlTemplate\":\"https:\/\/lespepinieresdelaroseliere.fr\/?s={search_term_string}\"},\"query-input\":\"required name=search_term_string\"}],\"inLanguage\":\"en-US\"},{\"@type\":\"ImageObject\",\"@id\":\"https:\/\/lespepinieresdelaroseliere.fr\/en\/nos-vegetaux\/#primaryimage\",\"inLanguage\":\"en-US\",\"url\":\"http:\/\/lespepinieresdelaroseliere.fr\/wp-content\/uploads\/2016\/10\/Fagus-sylvatica-en-cylindre-Hetre-communs-en-cylindre-e1476708981245.jpg\",\"contentUrl\":\"http:\/\/lespepinieresdelaroseliere.fr\/wp-content\/uploads\/2016\/10\/Fagus-sylvatica-en-cylindre-Hetre-communs-en-cylindre-e1476708981245.jpg\",\"width\":2000,\"height\":1333,\"caption\":\"H\u00eatre commun en cylindre\"},{\"@type\":\"WebPage\",\"@id\":\"https:\/\/lespepinieresdelaroseliere.fr\/en\/nos-vegetaux\/#webpage\",\"url\":\"https:\/\/lespepinieresdelaroseliere.fr\/en\/nos-vegetaux\/\",\"name\":\"Nos v\u00e9g\u00e9taux - Les P\u00e9pini\u00e8res de la Roseli\u00e8re\",\"isPartOf\":{\"@id\":\"https:\/\/lespepinieresdelaroseliere.fr\/#website\"},\"primaryImageOfPage\":{\"@id\":\"https:\/\/lespepinieresdelaroseliere.fr\/en\/nos-vegetaux\/#primaryimage\"},\"datePublished\":\"2016-09-26T07:08:31+00:00\",\"dateModified\":\"2021-12-14T12:10:58+00:00\",\"description\":\"Nos v\u00e9g\u00e9taux: topiaires, haies form\u00e9es, arbustes, arbres tiges, arbres branchus, niwaki, arbres solitaires, arbres d'exception\",\"breadcrumb\":{\"@id\":\"https:\/\/lespepinieresdelaroseliere.fr\/en\/nos-vegetaux\/#breadcrumb\"},\"inLanguage\":\"en-US\",\"potentialAction\":[{\"@type\":\"ReadAction\",\"target\":[\"https:\/\/lespepinieresdelaroseliere.fr\/en\/nos-vegetaux\/\"]}]},{\"@type\":\"BreadcrumbList\",\"@id\":\"https:\/\/lespepinieresdelaroseliere.fr\/en\/nos-vegetaux\/#breadcrumb\",\"itemListElement\":[{\"@type\":\"ListItem\",\"position\":1,\"name\":\"Accueil\",\"item\":\"http:\/\/lespepinieresdelaroseliere.fr\/en\/\"},{\"@type\":\"ListItem\",\"position\":2,\"name\":\"NURSERY\"}]}]}<\/script>\n<!-- \/ Yoast SEO plugin. -->","yoast_head_json":{"title":"Nos v\u00e9g\u00e9taux - Les P\u00e9pini\u00e8res de la Roseli\u00e8re","description":"Nos v\u00e9g\u00e9taux: topiaires, haies form\u00e9es, arbustes, arbres tiges, arbres branchus, niwaki, arbres solitaires, arbres d'exception","robots":{"index":"index","follow":"follow","max-snippet":"max-snippet:-1","max-image-preview":"max-image-preview:large","max-video-preview":"max-video-preview:-1"},"canonical":"https:\/\/lespepinieresdelaroseliere.fr\/en\/nos-vegetaux\/","og_locale":"en_US","og_type":"article","og_title":"Nos v\u00e9g\u00e9taux - Les P\u00e9pini\u00e8res de la Roseli\u00e8re","og_description":"Nos v\u00e9g\u00e9taux: topiaires, haies form\u00e9es, arbustes, arbres tiges, arbres branchus, niwaki, arbres solitaires, arbres d'exception","og_url":"https:\/\/lespepinieresdelaroseliere.fr\/en\/nos-vegetaux\/","og_site_name":"Les P\u00e9pini\u00e8res de la Roseli\u00e8re","article_modified_time":"2021-12-14T12:10:58+00:00","og_image":[{"width":2000,"height":1333,"url":"https:\/\/lespepinieresdelaroseliere.fr\/wp-content\/uploads\/2016\/10\/Fagus-sylvatica-en-cylindre-Hetre-communs-en-cylindre-e1476708981245.jpg","type":"image\/jpeg"}],"twitter_card":"summary","twitter_misc":{"Est. reading time":"2 minutes"},"schema":{"@context":"https:\/\/schema.org","@graph":[{"@type":"WebSite","@id":"https:\/\/lespepinieresdelaroseliere.fr\/#website","url":"https:\/\/lespepinieresdelaroseliere.fr\/","name":"Les P\u00e9pini\u00e8res de la Roseli\u00e8re","description":"Sp\u00e9cialistes des charmilles, des haies pr\u00e9form\u00e9es, des arbres tiges et des topiaires, Les P\u00e9pini\u00e8res de la Roseli\u00e8re cultivent le v\u00e9g\u00e9tal comme l\u2019artisan fa\u00e7onne la mati\u00e8re : avec passion et humilit\u00e9.","potentialAction":[{"@type":"SearchAction","target":{"@type":"EntryPoint","urlTemplate":"https:\/\/lespepinieresdelaroseliere.fr\/?s={search_term_string}"},"query-input":"required name=search_term_string"}],"inLanguage":"en-US"},{"@type":"ImageObject","@id":"https:\/\/lespepinieresdelaroseliere.fr\/en\/nos-vegetaux\/#primaryimage","inLanguage":"en-US","url":"http:\/\/lespepinieresdelaroseliere.fr\/wp-content\/uploads\/2016\/10\/Fagus-sylvatica-en-cylindre-Hetre-communs-en-cylindre-e1476708981245.jpg","contentUrl":"http:\/\/lespepinieresdelaroseliere.fr\/wp-content\/uploads\/2016\/10\/Fagus-sylvatica-en-cylindre-Hetre-communs-en-cylindre-e1476708981245.jpg","width":2000,"height":1333,"caption":"H\u00eatre commun en cylindre"},{"@type":"WebPage","@id":"https:\/\/lespepinieresdelaroseliere.fr\/en\/nos-vegetaux\/#webpage","url":"https:\/\/lespepinieresdelaroseliere.fr\/en\/nos-vegetaux\/","name":"Nos v\u00e9g\u00e9taux - Les P\u00e9pini\u00e8res de la Roseli\u00e8re","isPartOf":{"@id":"https:\/\/lespepinieresdelaroseliere.fr\/#website"},"primaryImageOfPage":{"@id":"https:\/\/lespepinieresdelaroseliere.fr\/en\/nos-vegetaux\/#primaryimage"},"datePublished":"2016-09-26T07:08:31+00:00","dateModified":"2021-12-14T12:10:58+00:00","description":"Nos v\u00e9g\u00e9taux: topiaires, haies form\u00e9es, arbustes, arbres tiges, arbres branchus, niwaki, arbres solitaires, arbres d'exception","breadcrumb":{"@id":"https:\/\/lespepinieresdelaroseliere.fr\/en\/nos-vegetaux\/#breadcrumb"},"inLanguage":"en-US","potentialAction":[{"@type":"ReadAction","target":["https:\/\/lespepinieresdelaroseliere.fr\/en\/nos-vegetaux\/"]}]},{"@type":"BreadcrumbList","@id":"https:\/\/lespepinieresdelaroseliere.fr\/en\/nos-vegetaux\/#breadcrumb","itemListElement":[{"@type":"ListItem","position":1,"name":"Accueil","item":"http:\/\/lespepinieresdelaroseliere.fr\/en\/"},{"@type":"ListItem","position":2,"name":"NURSERY"}]}]}},"_links":{"self":[{"href":"http:\/\/lespepinieresdelaroseliere.fr\/en\/wp-json\/wp\/v2\/pages\/936","targetHints":{"allow":["GET"]}}],"collection":[{"href":"http:\/\/lespepinieresdelaroseliere.fr\/en\/wp-json\/wp\/v2\/pages"}],"about":[{"href":"http:\/\/lespepinieresdelaroseliere.fr\/en\/wp-json\/wp\/v2\/types\/page"}],"author":[{"embeddable":true,"href":"http:\/\/lespepinieresdelaroseliere.fr\/en\/wp-json\/wp\/v2\/users\/1"}],"replies":[{"embeddable":true,"href":"http:\/\/lespepinieresdelaroseliere.fr\/en\/wp-json\/wp\/v2\/comments?post=936"}],"version-history":[{"count":1,"href":"http:\/\/lespepinieresdelaroseliere.fr\/en\/wp-json\/wp\/v2\/pages\/936\/revisions"}],"predecessor-version":[{"id":951,"href":"http:\/\/lespepinieresdelaroseliere.fr\/en\/wp-json\/wp\/v2\/pages\/936\/revisions\/951"}],"wp:featuredmedia":[{"embeddable":true,"href":"http:\/\/lespepinieresdelaroseliere.fr\/en\/wp-json\/wp\/v2\/media\/938"}],"wp:attachment":[{"href":"http:\/\/lespepinieresdelaroseliere.fr\/en\/wp-json\/wp\/v2\/media?parent=936"}],"curies":[{"name":"wp","href":"https:\/\/api.w.org\/{rel}","templated":true}]}}