{"id":939,"date":"2021-08-05T21:02:39","date_gmt":"2021-08-05T21:02:39","guid":{"rendered":"http:\/\/lespepinieresdelaroseliere.fr\/references\/"},"modified":"2021-12-14T14:29:17","modified_gmt":"2021-12-14T14:29:17","slug":"references","status":"publish","type":"page","link":"http:\/\/lespepinieresdelaroseliere.fr\/en\/references\/","title":{"rendered":"References"},"content":{"rendered":"<p>[vc_row el_class=&#8221;flex&#8221;][vc_column width=&#8221;1\/4&#8243; el_class=&#8221;fade-box &#8220;][vc_column_text]<\/p>\n<h2>References<\/h2>\n<p>Discover our tree and shrub\u00a0enhanced by projects for individuals or for public markets.<\/p>\n<p>[\/vc_column_text][\/vc_column][vc_column width=&#8221;1\/4&#8243; el_class=&#8221;fade-box &#8220;][vc_column_text el_class=&#8221;header&#8221; css=&#8221;.vc_custom_1637676037686{background-image: url(http:\/\/lespepinieresdelaroseliere.fr\/wp-content\/uploads\/2021\/11\/Fagus-sylvatica-en-cylindre-et-haie-formee-de-Carpinus-betulus-1-280&#215;280.jpeg?id=914) !important;}&#8221;][\/vc_column_text][vc_column_text]<\/p>\n<h2>Ch\u00e2teau de Pesseli\u00e8re<\/h2>\n<p>Jalognes, R\u00e9gion Centre-Val de Loire &#8211; Atelier Design Paysage<\/p>\n<p>[\/vc_column_text][vc_gallery type=&#8221;image_grid&#8221; images=&#8221;914,800,801,802,803,804,805&#8243; onclick=&#8221;img_link_large&#8221;][\/vc_column][vc_column width=&#8221;1\/4&#8243; el_class=&#8221;fade-box &#8220;][vc_column_text el_class=&#8221;header&#8221; css=&#8221;.vc_custom_1637677139500{background-image: url(http:\/\/lespepinieresdelaroseliere.fr\/wp-content\/uploads\/2021\/11\/Acer-pseudoplatanus-cepee-280&#215;280.jpg?id=815) !important;}&#8221;][\/vc_column_text][vc_column_text]<\/p>\n<h2>Jardin Particulier<\/h2>\n<p>Vall\u00e9e de l&#8217;Andelle, Normandie, Eure<\/p>\n<p>[\/vc_column_text][vc_gallery type=&#8221;image_grid&#8221; images=&#8221;815,816,817,818,819,820,821,822,823,824,825,826,827,828,829,830,831,832,833,834,835&#8243; onclick=&#8221;img_link_large&#8221;][\/vc_column][vc_column width=&#8221;1\/4&#8243; el_class=&#8221;fade-box &#8220;][vc_column_text el_class=&#8221;header&#8221; css=&#8221;.vc_custom_1637677325772{background-image: url(http:\/\/lespepinieresdelaroseliere.fr\/wp-content\/uploads\/2021\/11\/Boules-de-Phillyrea-angustifolia-prunus-lusitanica-angustifolia-et-eleangus-ebbengei-280&#215;280.jpeg?id=836) !important;}&#8221;][\/vc_column_text][vc_column_text]<\/p>\n<h2>Jardin particulier<\/h2>\n<p>R\u00e9gion Rouennaise, Normandie<\/p>\n<p>[\/vc_column_text][vc_gallery type=&#8221;image_grid&#8221; images=&#8221;836,837,838,839,840,841,842,843,844&#8243; onclick=&#8221;img_link_large&#8221;][\/vc_column][\/vc_row][vc_row el_class=&#8221;flex&#8221;][vc_column width=&#8221;1\/4&#8243; el_class=&#8221;fade-box &#8220;][vc_column_text el_class=&#8221;header&#8221; css=&#8221;.vc_custom_1637677941710{background-image: url(http:\/\/lespepinieresdelaroseliere.fr\/wp-content\/uploads\/2021\/11\/Alignement-de-Tilia-cordata.-280&#215;280.jpg?id=858) !important;}&#8221;][\/vc_column_text][vc_column_text]<\/p>\n<h2>Jardin priv\u00e9e<\/h2>\n<p>Rosny-sur-Seine, Yvelines, R\u00e9gion parisienne &#8211; D&amp;H Paysage<\/p>\n<p>[\/vc_column_text][vc_gallery type=&#8221;image_grid&#8221; images=&#8221;857,858,859,860,861&#8243; onclick=&#8221;img_link_large&#8221;][\/vc_column][vc_column width=&#8221;1\/4&#8243; el_class=&#8221;fade-box &#8220;][vc_column_text el_class=&#8221;header&#8221; css=&#8221;.vc_custom_1637678086691{background-image: url(http:\/\/lespepinieresdelaroseliere.fr\/wp-content\/uploads\/2021\/11\/IMG_8878-280&#215;280.png?id=866) !important;}&#8221;][\/vc_column_text][vc_column_text]<\/p>\n<h2>Manoir du Catel<\/h2>\n<p>\u00c9cretteville-l\u00e8s-Baons, Seine-Maritime<\/p>\n<p>[\/vc_column_text][vc_gallery type=&#8221;image_grid&#8221; images=&#8221;863,864,865,866&#8243; onclick=&#8221;img_link_large&#8221;][\/vc_column][vc_column width=&#8221;1\/4&#8243; el_class=&#8221;fade-box &#8220;][vc_column_text el_class=&#8221;header&#8221; css=&#8221;.vc_custom_1637678190788{background-image: url(http:\/\/lespepinieresdelaroseliere.fr\/wp-content\/uploads\/2021\/11\/Colonne-rectangulaire-de-Fagus-sylvatica-et-banquette-de-Taxus-baccata-280&#215;280.jpg?id=869) !important;}&#8221;][\/vc_column_text][vc_column_text]<\/p>\n<h2>Paris XVI<\/h2>\n<p>Paris &#8211; D&amp;H Paysage<\/p>\n<p>[\/vc_column_text][vc_gallery type=&#8221;image_grid&#8221; images=&#8221;868,869,870,871,872,873,874,875&#8243; onclick=&#8221;img_link_large&#8221;][\/vc_column][vc_column width=&#8221;1\/4&#8243; el_class=&#8221;fade-box &#8220;][vc_column_text el_class=&#8221;header&#8221; css=&#8221;.vc_custom_1637678299614{background-image: url(http:\/\/lespepinieresdelaroseliere.fr\/wp-content\/uploads\/2021\/11\/Taxus-baccata-boules-Arnaud-Bertin-280&#215;280.jpg?id=889) !important;}&#8221;][\/vc_column_text][vc_column_text]<\/p>\n<h2>Phare de Verzenay<\/h2>\n<p>Montagne de Reims, Champagne &#8211; Cabinet Arnaud Bertin<\/p>\n<p>[\/vc_column_text][vc_gallery type=&#8221;image_grid&#8221; images=&#8221;876,877,878,879,880,881,882,883,884,885,886,887,888,889&#8243; onclick=&#8221;img_link_large&#8221;][\/vc_column][\/vc_row][vc_row el_class=&#8221;flex&#8221;][vc_column width=&#8221;1\/4&#8243; el_class=&#8221;fade-box &#8220;][vc_column_text el_class=&#8221;header&#8221; css=&#8221;.vc_custom_1637678374007{background-image: url(http:\/\/lespepinieresdelaroseliere.fr\/wp-content\/uploads\/2021\/11\/Carpinus-betulus-haie-forme\u0301e-280&#215;280.jpg?id=890) !important;}&#8221;][\/vc_column_text][vc_column_text]<\/p>\n<h2>Primard<\/h2>\n<p>Vall\u00e9e de l&#8217;Eure, Eure et Loire<\/p>\n<p>[\/vc_column_text][vc_gallery type=&#8221;image_grid&#8221; images=&#8221;890,891,892&#8243; onclick=&#8221;img_link_large&#8221;][\/vc_column][vc_column width=&#8221;1\/4&#8243; el_class=&#8221;fade-box &#8220;][vc_column_text el_class=&#8221;header&#8221; css=&#8221;.vc_custom_1637678471298{background-image: url(http:\/\/lespepinieresdelaroseliere.fr\/wp-content\/uploads\/2021\/11\/Fagus-sylvatica-greenwood-2-280&#215;280.jpg?id=894) !important;}&#8221;][\/vc_column_text][vc_column_text]<\/p>\n<h2>Travers\u00e9e de Maromme<\/h2>\n<p>Maromme, Normandie, Seine-Maritime<\/p>\n<p>[\/vc_column_text][vc_gallery type=&#8221;image_grid&#8221; images=&#8221;893,894,895,896,897&#8243; onclick=&#8221;img_link_large&#8221;][\/vc_column][\/vc_row]<\/p>\n","protected":false},"excerpt":{"rendered":"<p>[vc_row el_class=&#8221;flex&#8221;][vc_column width=&#8221;1\/4&#8243; el_class=&#8221;fade-box &#8220;][vc_column_text] References Discover our tree and shrub\u00a0enhanced by projects for individuals or for public markets. [\/vc_column_text][\/vc_column][vc_column width=&#8221;1\/4&#8243; el_class=&#8221;fade-box &#8220;][vc_column_text el_class=&#8221;header&#8221; css=&#8221;.vc_custom_1637676037686{background-image: url(http:\/\/lespepinieresdelaroseliere.fr\/wp-content\/uploads\/2021\/11\/Fagus-sylvatica-en-cylindre-et-haie-formee-de-Carpinus-betulus-1-280&#215;280.jpeg?id=914) !important;}&#8221;][\/vc_column_text][vc_column_text] Ch\u00e2teau de Pesseli\u00e8re Jalognes, R\u00e9gion Centre-Val de Loire &#8211; Atelier Design Paysage [\/vc_column_text][vc_gallery type=&#8221;image_grid&#8221; images=&#8221;914,800,801,802,803,804,805&#8243; onclick=&#8221;img_link_large&#8221;][\/vc_column][vc_column width=&#8221;1\/4&#8243; el_class=&#8221;fade-box &#8220;][vc_column_text el_class=&#8221;header&#8221; css=&#8221;.vc_custom_1637677139500{background-image: url(http:\/\/lespepinieresdelaroseliere.fr\/wp-content\/uploads\/2021\/11\/Acer-pseudoplatanus-cepee-280&#215;280.jpg?id=815) !important;}&#8221;][\/vc_column_text][vc_column_text] Jardin Particulier Vall\u00e9e de l&#8217;Andelle, &hellip; <a href=\"http:\/\/lespepinieresdelaroseliere.fr\/en\/references\/\">Continued<\/a><\/p>\n","protected":false},"author":1,"featured_media":0,"parent":0,"menu_order":0,"comment_status":"closed","ping_status":"closed","template":"","meta":{"footnotes":""},"class_list":["post-939","page","type-page","status-publish","hentry"],"yoast_head":"<!-- This site is optimized with the Yoast SEO plugin v18.0 - https:\/\/yoast.com\/wordpress\/plugins\/seo\/ -->\n<title>References &ndash; Les P\u00e9pini\u00e8res de la Roseli\u00e8re<\/title>\n<meta name=\"description\" content=\"D\u00e9couvrez nos v\u00e9g\u00e9taux plant\u00e9s et mis en valeur par les projets chez des particuliers ou pour des march\u00e9s publics.\" \/>\n<meta name=\"robots\" content=\"index, follow, max-snippet:-1, max-image-preview:large, max-video-preview:-1\" \/>\n<link rel=\"canonical\" href=\"http:\/\/lespepinieresdelaroseliere.fr\/en\/references\/\" \/>\n<meta property=\"og:locale\" content=\"en_US\" \/>\n<meta property=\"og:type\" content=\"article\" \/>\n<meta property=\"og:title\" content=\"References &ndash; Les P\u00e9pini\u00e8res de la Roseli\u00e8re\" \/>\n<meta property=\"og:description\" content=\"D\u00e9couvrez nos v\u00e9g\u00e9taux plant\u00e9s et mis en valeur par les projets chez des particuliers ou pour des march\u00e9s publics.\" \/>\n<meta property=\"og:url\" content=\"http:\/\/lespepinieresdelaroseliere.fr\/en\/references\/\" \/>\n<meta property=\"og:site_name\" content=\"Les P\u00e9pini\u00e8res de la Roseli\u00e8re\" \/>\n<meta property=\"article:modified_time\" content=\"2021-12-14T14:29:17+00:00\" \/>\n<meta name=\"twitter:card\" content=\"summary\" \/>\n<meta name=\"twitter:label1\" content=\"Est. reading time\" \/>\n\t<meta name=\"twitter:data1\" content=\"1 minute\" \/>\n<script type=\"application\/ld+json\" class=\"yoast-schema-graph\">{\"@context\":\"https:\/\/schema.org\",\"@graph\":[{\"@type\":\"WebSite\",\"@id\":\"http:\/\/lespepinieresdelaroseliere.fr\/#website\",\"url\":\"http:\/\/lespepinieresdelaroseliere.fr\/\",\"name\":\"Les P\u00e9pini\u00e8res de la Roseli\u00e8re\",\"description\":\"Sp\u00e9cialistes des charmilles, des haies pr\u00e9form\u00e9es, des arbres tiges et des topiaires, Les P\u00e9pini\u00e8res de la Roseli\u00e8re cultivent le v\u00e9g\u00e9tal comme l\u2019artisan fa\u00e7onne la mati\u00e8re : avec passion et humilit\u00e9.\",\"potentialAction\":[{\"@type\":\"SearchAction\",\"target\":{\"@type\":\"EntryPoint\",\"urlTemplate\":\"http:\/\/lespepinieresdelaroseliere.fr\/?s={search_term_string}\"},\"query-input\":\"required name=search_term_string\"}],\"inLanguage\":\"en-US\"},{\"@type\":\"WebPage\",\"@id\":\"http:\/\/lespepinieresdelaroseliere.fr\/en\/references\/#webpage\",\"url\":\"http:\/\/lespepinieresdelaroseliere.fr\/en\/references\/\",\"name\":\"References &ndash; Les P\u00e9pini\u00e8res de la Roseli\u00e8re\",\"isPartOf\":{\"@id\":\"http:\/\/lespepinieresdelaroseliere.fr\/#website\"},\"datePublished\":\"2021-08-05T21:02:39+00:00\",\"dateModified\":\"2021-12-14T14:29:17+00:00\",\"description\":\"D\u00e9couvrez nos v\u00e9g\u00e9taux plant\u00e9s et mis en valeur par les projets chez des particuliers ou pour des march\u00e9s publics.\",\"breadcrumb\":{\"@id\":\"http:\/\/lespepinieresdelaroseliere.fr\/en\/references\/#breadcrumb\"},\"inLanguage\":\"en-US\",\"potentialAction\":[{\"@type\":\"ReadAction\",\"target\":[\"http:\/\/lespepinieresdelaroseliere.fr\/en\/references\/\"]}]},{\"@type\":\"BreadcrumbList\",\"@id\":\"http:\/\/lespepinieresdelaroseliere.fr\/en\/references\/#breadcrumb\",\"itemListElement\":[{\"@type\":\"ListItem\",\"position\":1,\"name\":\"Accueil\",\"item\":\"https:\/\/lespepinieresdelaroseliere.fr\/en\/\"},{\"@type\":\"ListItem\",\"position\":2,\"name\":\"References\"}]}]}<\/script>\n<!-- \/ Yoast SEO plugin. -->","yoast_head_json":{"title":"References &ndash; Les P\u00e9pini\u00e8res de la Roseli\u00e8re","description":"D\u00e9couvrez nos v\u00e9g\u00e9taux plant\u00e9s et mis en valeur par les projets chez des particuliers ou pour des march\u00e9s publics.","robots":{"index":"index","follow":"follow","max-snippet":"max-snippet:-1","max-image-preview":"max-image-preview:large","max-video-preview":"max-video-preview:-1"},"canonical":"http:\/\/lespepinieresdelaroseliere.fr\/en\/references\/","og_locale":"en_US","og_type":"article","og_title":"References &ndash; Les P\u00e9pini\u00e8res de la Roseli\u00e8re","og_description":"D\u00e9couvrez nos v\u00e9g\u00e9taux plant\u00e9s et mis en valeur par les projets chez des particuliers ou pour des march\u00e9s publics.","og_url":"http:\/\/lespepinieresdelaroseliere.fr\/en\/references\/","og_site_name":"Les P\u00e9pini\u00e8res de la Roseli\u00e8re","article_modified_time":"2021-12-14T14:29:17+00:00","twitter_card":"summary","twitter_misc":{"Est. reading time":"1 minute"},"schema":{"@context":"https:\/\/schema.org","@graph":[{"@type":"WebSite","@id":"http:\/\/lespepinieresdelaroseliere.fr\/#website","url":"http:\/\/lespepinieresdelaroseliere.fr\/","name":"Les P\u00e9pini\u00e8res de la Roseli\u00e8re","description":"Sp\u00e9cialistes des charmilles, des haies pr\u00e9form\u00e9es, des arbres tiges et des topiaires, Les P\u00e9pini\u00e8res de la Roseli\u00e8re cultivent le v\u00e9g\u00e9tal comme l\u2019artisan fa\u00e7onne la mati\u00e8re : avec passion et humilit\u00e9.","potentialAction":[{"@type":"SearchAction","target":{"@type":"EntryPoint","urlTemplate":"http:\/\/lespepinieresdelaroseliere.fr\/?s={search_term_string}"},"query-input":"required name=search_term_string"}],"inLanguage":"en-US"},{"@type":"WebPage","@id":"http:\/\/lespepinieresdelaroseliere.fr\/en\/references\/#webpage","url":"http:\/\/lespepinieresdelaroseliere.fr\/en\/references\/","name":"References &ndash; Les P\u00e9pini\u00e8res de la Roseli\u00e8re","isPartOf":{"@id":"http:\/\/lespepinieresdelaroseliere.fr\/#website"},"datePublished":"2021-08-05T21:02:39+00:00","dateModified":"2021-12-14T14:29:17+00:00","description":"D\u00e9couvrez nos v\u00e9g\u00e9taux plant\u00e9s et mis en valeur par les projets chez des particuliers ou pour des march\u00e9s publics.","breadcrumb":{"@id":"http:\/\/lespepinieresdelaroseliere.fr\/en\/references\/#breadcrumb"},"inLanguage":"en-US","potentialAction":[{"@type":"ReadAction","target":["http:\/\/lespepinieresdelaroseliere.fr\/en\/references\/"]}]},{"@type":"BreadcrumbList","@id":"http:\/\/lespepinieresdelaroseliere.fr\/en\/references\/#breadcrumb","itemListElement":[{"@type":"ListItem","position":1,"name":"Accueil","item":"https:\/\/lespepinieresdelaroseliere.fr\/en\/"},{"@type":"ListItem","position":2,"name":"References"}]}]}},"_links":{"self":[{"href":"http:\/\/lespepinieresdelaroseliere.fr\/en\/wp-json\/wp\/v2\/pages\/939","targetHints":{"allow":["GET"]}}],"collection":[{"href":"http:\/\/lespepinieresdelaroseliere.fr\/en\/wp-json\/wp\/v2\/pages"}],"about":[{"href":"http:\/\/lespepinieresdelaroseliere.fr\/en\/wp-json\/wp\/v2\/types\/page"}],"author":[{"embeddable":true,"href":"http:\/\/lespepinieresdelaroseliere.fr\/en\/wp-json\/wp\/v2\/users\/1"}],"replies":[{"embeddable":true,"href":"http:\/\/lespepinieresdelaroseliere.fr\/en\/wp-json\/wp\/v2\/comments?post=939"}],"version-history":[{"count":2,"href":"http:\/\/lespepinieresdelaroseliere.fr\/en\/wp-json\/wp\/v2\/pages\/939\/revisions"}],"predecessor-version":[{"id":977,"href":"http:\/\/lespepinieresdelaroseliere.fr\/en\/wp-json\/wp\/v2\/pages\/939\/revisions\/977"}],"wp:attachment":[{"href":"http:\/\/lespepinieresdelaroseliere.fr\/en\/wp-json\/wp\/v2\/media?parent=939"}],"curies":[{"name":"wp","href":"https:\/\/api.w.org\/{rel}","templated":true}]}}